{"id":3,"date":"2021-02-24T08:43:16","date_gmt":"2021-02-24T07:43:16","guid":{"rendered":"http:\/\/https:\/\/seedmusic.eu\/\/?page_id=3"},"modified":"2021-03-12T02:38:39","modified_gmt":"2021-03-12T01:38:39","slug":"politica-de-cookies","status":"publish","type":"page","link":"https:\/\/seedmusic.eu\/en\/politica-de-cookies\/","title":{"rendered":"Cookies policy"},"content":{"rendered":"<p>Cookies are small text files that are installed on the computers from which you access our website. Among other purposes, cookies record a user&#039;s preferences and browsing habits. They are associated with the user and their computer, but do not provide directly identifying data. Some cookies, for example those that allow the production of statistics or advertising, require the consent of the user of our site. On the other hand, other cookies, those of a technical nature or those necessary to offer a service requested by the user, are essential for the operation of the site. Cookies can be classified according to their validity, who manages them or their purpose<\/p>\n\n\n\n<p><strong>ACCORDING TO VALIDITY<\/strong><\/p>\n\n\n\n<p><em>Session<\/em><em>:<\/em> are temporary and remain in your browser&#039;s cookie archive until you leave the website.<\/p>\n\n\n\n<p><em>Persistent<\/em><em>:<\/em> they are stored and the website reads them every time you visit.<\/p>\n\n\n\n<p><strong>ACCORDING TO WHO MANAGES THEM<\/strong><\/p>\n\n\n\n<p><em>Own<\/em><em>:<\/em> they are those of the owner of the website from which the services are provided to the user.<\/p>\n\n\n\n<p><em>Third parties<\/em><em>:<\/em> they are sent to the user by a third party, other than the site owner.<\/p>\n\n\n\n<p><strong>ACCORDING TO THE PURPOSE<\/strong><\/p>\n\n\n\n<p><em>Necessary<\/em><em>:<\/em> the essentials to facilitate your connection. There is no option to disable them, as they are necessary for the operation of the website.<\/p>\n\n\n\n<p><em>Techniques<\/em><em>: <\/em>those that allow to control the traffic and communication of data, to identify the session and to accede to pages of restricted access, among others.<\/p>\n\n\n\n<p><em>Of preferences<\/em><em>:<\/em> allow you to remember your options (for example language or region from which you are accessing), in order to provide you with advanced services.<\/p>\n\n\n\n<p><em>Analytics<\/em><em>:<\/em> they provide statistical information and allow services to be improved. We use Google Analytics cookies which you can deactivate by installing yourself <a href=\"https:\/\/tools.google.com\/dlpage\/gaoptout?hl=es\">this plugin<\/a>.<\/p>\n\n\n\n<p><em>Advertising<\/em><em>:<\/em> to offer advertising content related to the user&#039;s interests, either directly or through third parties (&quot;adservers&quot;).<\/p>\n\n\n\n<p><em>Geolocation<\/em><em>: <\/em>to know the geographical location of the user.<\/p>\n\n\n\n<p>We list the cookies used by our website, giving the option (last column) for each user to authorize the download.<\/p>\n\n\n\n<figure class=\"wp-block-table\"><table><tbody><tr><td><strong>PURPOSE<\/strong><\/td><td><strong>Supplier<\/strong><\/td><td><strong>NAME of the cookie<\/strong><\/td><td><strong>Management<\/strong><\/td><td><strong>VALIDITY<\/strong><\/td><td><strong>FUNCTION<\/strong><\/td><td><strong>ACTIVATE<\/strong><\/td><\/tr><tr><td>Techniques<\/td><td>Seedmusic<\/td><td>lscache_vary<\/td><td>Own<\/td><td>Session<\/td><td> Facilitate navigation<\/td><td>Yes<\/td><\/tr><tr><td>Techniques<\/td><td>Seedmusic<\/td><td>cookie_notice<\/td><td>Own<\/td><td>Session<\/td><td>Remember to accept cookies<\/td><td>Yes<\/td><\/tr><tr><td>Analytics<\/td><td>GOOGLE<\/td><td>_ga _utma _utmb<\/td><td>3rd<\/td><td>2 years<\/td><td>Make statistics<\/td><td>Yes<\/td><\/tr><tr><td>Techniques<\/td><td>Seedmusic<\/td><td>wp_sec_xxx<\/td><td>Own<\/td><td>Session<\/td><td>Security<\/td><td>Yes<\/td><\/tr><tr><td>Techniques<\/td><td>Seedmusic<\/td><td>PHPSESSID, wp_logged_in_xxx<\/td><td>Own<\/td><td>Session<\/td><td>Maintain user session<\/td><td>Yes<\/td><\/tr><\/tbody><\/table><\/figure>\n\n\n\n<p>You can revoke your consent to the use of cookies by deleting them using the options offered by your browser. You can also configure your browser to inform you in advance of the possible installation of cookies. In the following links you will find information on how to do it.<\/p>\n\n\n\n<p>- For Firefox (<a href=\"http:\/\/support.mozilla.org\/ca\/kb\/Galetes\">link<\/a>)<\/p>\n\n\n\n<p>- For Chrome (<a href=\"http:\/\/support.google.com\/chrome\/bin\/answer.py?hl=es&amp;answer=95647\">link<\/a>)<\/p>\n\n\n\n<p>- For Explorer (<a href=\"https:\/\/support.microsoft.com\/es-es\/help\/278835\/how-to-delete-cookie-files-in-internet-explorer\">link<\/a>)<\/p>\n\n\n\n<p>- Per Edge (<a href=\"https:\/\/support.microsoft.com\/es-es\/help\/4027947\/windows-delete-cookies\">link<\/a>)<\/p>\n\n\n\n<p>- For Safari for iOS (<a href=\"http:\/\/support.apple.com\/kb\/HT1677?viewlocale=es_ES&amp;locale=es_ES\">link<\/a>)<\/p>\n\n\n\n<p>- Per Opera (<a href=\"https:\/\/help.opera.com\/en\/latest\/web-preferences\/#cookies\">link<\/a>)<\/p>","protected":false},"excerpt":{"rendered":"<p>Cookies are small text files that are installed on the computers from which you access our website. Among other purposes, cookies record a user&#039;s preferences and browsing habits. They are associated with the user and their computer, but do not provide directly identifying data. Some cookies, for example those that [\u2026]<\/p>","protected":false},"author":1,"featured_media":0,"parent":0,"menu_order":0,"comment_status":"closed","ping_status":"closed","template":"template-parts\/landing-page.php","meta":[],"acf":[],"yoast_head":"<!-- This site is optimized with the Yoast SEO plugin v18.6 - https:\/\/yoast.com\/wordpress\/plugins\/seo\/ -->\n<title>Pol\u00edtica de cookies - SEED<\/title>\n<meta name=\"robots\" content=\"index, follow, max-snippet:-1, max-image-preview:large, max-video-preview:-1\" \/>\n<link rel=\"canonical\" href=\"https:\/\/seedmusic.eu\/en\/politica-de-cookies\/\" \/>\n<meta property=\"og:locale\" content=\"en_US\" \/>\n<meta property=\"og:type\" content=\"article\" \/>\n<meta property=\"og:title\" content=\"Pol\u00edtica de cookies - SEED\" \/>\n<meta property=\"og:description\" content=\"Les cookies o galetes s\u00f3n petits arxius de text que s\u2019instal\u00b7len als equips des dels qual s\u2019accedeix al nostre lloc web. Entre altres finalitats, les cookies registren les prefer\u00e8ncies i els h\u00e0bits de navegaci\u00f3 d\u2019un usuari. S\u2019associen a l\u2019usuari i al seu equip, per\u00f2 no proporcionen dades directament identificatives. Algunes cookies, per exemple les que [&hellip;]\" \/>\n<meta property=\"og:url\" content=\"https:\/\/seedmusic.eu\/en\/politica-de-cookies\/\" \/>\n<meta property=\"og:site_name\" content=\"SEED\" \/>\n<meta property=\"article:modified_time\" content=\"2021-03-12T01:38:39+00:00\" \/>\n<meta name=\"twitter:card\" content=\"summary_large_image\" \/>\n<meta name=\"twitter:site\" content=\"@Seedmusic_eu\" \/>\n<meta name=\"twitter:label1\" content=\"Est. reading time\" \/>\n\t<meta name=\"twitter:data1\" content=\"3 minutes\" \/>\n<script type=\"application\/ld+json\" class=\"yoast-schema-graph\">{\"@context\":\"https:\/\/schema.org\",\"@graph\":[{\"@type\":\"WebSite\",\"@id\":\"https:\/\/seedmusic.eu\/#website\",\"url\":\"https:\/\/seedmusic.eu\/\",\"name\":\"SEED\",\"description\":\"Raising Music\",\"potentialAction\":[{\"@type\":\"SearchAction\",\"target\":{\"@type\":\"EntryPoint\",\"urlTemplate\":\"https:\/\/seedmusic.eu\/?s={search_term_string}\"},\"query-input\":\"required name=search_term_string\"}],\"inLanguage\":\"en-US\"},{\"@type\":\"WebPage\",\"@id\":\"https:\/\/seedmusic.eu\/en\/politica-de-cookies\/#webpage\",\"url\":\"https:\/\/seedmusic.eu\/en\/politica-de-cookies\/\",\"name\":\"Pol\u00edtica de cookies - SEED\",\"isPartOf\":{\"@id\":\"https:\/\/seedmusic.eu\/#website\"},\"datePublished\":\"2021-02-24T07:43:16+00:00\",\"dateModified\":\"2021-03-12T01:38:39+00:00\",\"breadcrumb\":{\"@id\":\"https:\/\/seedmusic.eu\/en\/politica-de-cookies\/#breadcrumb\"},\"inLanguage\":\"en-US\",\"potentialAction\":[{\"@type\":\"ReadAction\",\"target\":[\"https:\/\/seedmusic.eu\/en\/politica-de-cookies\/\"]}]},{\"@type\":\"BreadcrumbList\",\"@id\":\"https:\/\/seedmusic.eu\/en\/politica-de-cookies\/#breadcrumb\",\"itemListElement\":[{\"@type\":\"ListItem\",\"position\":1,\"name\":\"Home\",\"item\":\"https:\/\/seedmusic.eu\/\"},{\"@type\":\"ListItem\",\"position\":2,\"name\":\"Pol\u00edtica de cookies\"}]}]}<\/script>\n<!-- \/ Yoast SEO plugin. -->","yoast_head_json":{"title":"Pol\u00edtica de cookies - SEED","robots":{"index":"index","follow":"follow","max-snippet":"max-snippet:-1","max-image-preview":"max-image-preview:large","max-video-preview":"max-video-preview:-1"},"canonical":"https:\/\/seedmusic.eu\/en\/politica-de-cookies\/","og_locale":"en_US","og_type":"article","og_title":"Pol\u00edtica de cookies - SEED","og_description":"Les cookies o galetes s\u00f3n petits arxius de text que s\u2019instal\u00b7len als equips des dels qual s\u2019accedeix al nostre lloc web. Entre altres finalitats, les cookies registren les prefer\u00e8ncies i els h\u00e0bits de navegaci\u00f3 d\u2019un usuari. S\u2019associen a l\u2019usuari i al seu equip, per\u00f2 no proporcionen dades directament identificatives. Algunes cookies, per exemple les que [&hellip;]","og_url":"https:\/\/seedmusic.eu\/en\/politica-de-cookies\/","og_site_name":"SEED","article_modified_time":"2021-03-12T01:38:39+00:00","twitter_card":"summary_large_image","twitter_site":"@Seedmusic_eu","twitter_misc":{"Est. reading time":"3 minutes"},"schema":{"@context":"https:\/\/schema.org","@graph":[{"@type":"WebSite","@id":"https:\/\/seedmusic.eu\/#website","url":"https:\/\/seedmusic.eu\/","name":"SEED","description":"Raising Music","potentialAction":[{"@type":"SearchAction","target":{"@type":"EntryPoint","urlTemplate":"https:\/\/seedmusic.eu\/?s={search_term_string}"},"query-input":"required name=search_term_string"}],"inLanguage":"en-US"},{"@type":"WebPage","@id":"https:\/\/seedmusic.eu\/en\/politica-de-cookies\/#webpage","url":"https:\/\/seedmusic.eu\/en\/politica-de-cookies\/","name":"Pol\u00edtica de cookies - SEED","isPartOf":{"@id":"https:\/\/seedmusic.eu\/#website"},"datePublished":"2021-02-24T07:43:16+00:00","dateModified":"2021-03-12T01:38:39+00:00","breadcrumb":{"@id":"https:\/\/seedmusic.eu\/en\/politica-de-cookies\/#breadcrumb"},"inLanguage":"en-US","potentialAction":[{"@type":"ReadAction","target":["https:\/\/seedmusic.eu\/en\/politica-de-cookies\/"]}]},{"@type":"BreadcrumbList","@id":"https:\/\/seedmusic.eu\/en\/politica-de-cookies\/#breadcrumb","itemListElement":[{"@type":"ListItem","position":1,"name":"Home","item":"https:\/\/seedmusic.eu\/"},{"@type":"ListItem","position":2,"name":"Pol\u00edtica de cookies"}]}]}},"_links":{"self":[{"href":"https:\/\/seedmusic.eu\/en\/wp-json\/wp\/v2\/pages\/3"}],"collection":[{"href":"https:\/\/seedmusic.eu\/en\/wp-json\/wp\/v2\/pages"}],"about":[{"href":"https:\/\/seedmusic.eu\/en\/wp-json\/wp\/v2\/types\/page"}],"author":[{"embeddable":true,"href":"https:\/\/seedmusic.eu\/en\/wp-json\/wp\/v2\/users\/1"}],"replies":[{"embeddable":true,"href":"https:\/\/seedmusic.eu\/en\/wp-json\/wp\/v2\/comments?post=3"}],"version-history":[{"count":2,"href":"https:\/\/seedmusic.eu\/en\/wp-json\/wp\/v2\/pages\/3\/revisions"}],"predecessor-version":[{"id":417,"href":"https:\/\/seedmusic.eu\/en\/wp-json\/wp\/v2\/pages\/3\/revisions\/417"}],"wp:attachment":[{"href":"https:\/\/seedmusic.eu\/en\/wp-json\/wp\/v2\/media?parent=3"}],"curies":[{"name":"wp","href":"https:\/\/api.w.org\/{rel}","templated":true}]}}